{"id":8431,"date":"2024-12-16T22:10:35","date_gmt":"2024-12-16T21:10:35","guid":{"rendered":"https:\/\/f-zrmanja.com\/o-nama\/postani-dio-tima\/"},"modified":"2024-12-16T22:23:52","modified_gmt":"2024-12-16T21:23:52","slug":"postani-dio-tima","status":"publish","type":"page","link":"https:\/\/f-zrmanja.com\/hr\/o-nama\/postani-dio-tima\/","title":{"rendered":"Postani dio tima"},"content":{"rendered":"\t\t<div data-elementor-type=\"wp-page\" data-elementor-id=\"8431\" class=\"elementor elementor-8431 elementor-8407\">\n\t\t\t\t\t\t<div class=\"elementor-inner\">\n\t\t\t\t<div class=\"elementor-section-wrap\">\n\t\t\t\t\t\t\t\t\t<section class=\"elementor-section elementor-top-section elementor-element elementor-element-60e7934 elementor-section-boxed elementor-section-height-default elementor-section-height-default\" data-id=\"60e7934\" data-element_type=\"section\" data-settings=\"{&quot;jet_parallax_layout_list&quot;:[{&quot;jet_parallax_layout_image&quot;:{&quot;url&quot;:&quot;&quot;,&quot;id&quot;:&quot;&quot;,&quot;size&quot;:&quot;&quot;},&quot;_id&quot;:&quot;30f9c41&quot;,&quot;jet_parallax_layout_image_tablet&quot;:{&quot;url&quot;:&quot;&quot;,&quot;id&quot;:&quot;&quot;,&quot;size&quot;:&quot;&quot;},&quot;jet_parallax_layout_image_mobile&quot;:{&quot;url&quot;:&quot;&quot;,&quot;id&quot;:&quot;&quot;,&quot;size&quot;:&quot;&quot;},&quot;jet_parallax_layout_speed&quot;:{&quot;unit&quot;:&quot;%&quot;,&quot;size&quot;:50,&quot;sizes&quot;:[]},&quot;jet_parallax_layout_type&quot;:&quot;scroll&quot;,&quot;jet_parallax_layout_direction&quot;:null,&quot;jet_parallax_layout_fx_direction&quot;:null,&quot;jet_parallax_layout_z_index&quot;:&quot;&quot;,&quot;jet_parallax_layout_bg_x&quot;:50,&quot;jet_parallax_layout_bg_x_tablet&quot;:&quot;&quot;,&quot;jet_parallax_layout_bg_x_mobile&quot;:&quot;&quot;,&quot;jet_parallax_layout_bg_y&quot;:50,&quot;jet_parallax_layout_bg_y_tablet&quot;:&quot;&quot;,&quot;jet_parallax_layout_bg_y_mobile&quot;:&quot;&quot;,&quot;jet_parallax_layout_bg_size&quot;:&quot;auto&quot;,&quot;jet_parallax_layout_bg_size_tablet&quot;:&quot;&quot;,&quot;jet_parallax_layout_bg_size_mobile&quot;:&quot;&quot;,&quot;jet_parallax_layout_animation_prop&quot;:&quot;transform&quot;,&quot;jet_parallax_layout_on&quot;:[&quot;desktop&quot;,&quot;tablet&quot;]}]}\">\n\t\t\t\t\t\t<div class=\"elementor-container elementor-column-gap-wide\">\n\t\t\t\t\t\t\t<div class=\"elementor-row\">\n\t\t\t\t\t<div class=\"elementor-column elementor-col-100 elementor-top-column elementor-element elementor-element-9bbc148 elementor-invisible\" data-id=\"9bbc148\" data-element_type=\"column\" data-settings=\"{&quot;animation&quot;:&quot;fadeIn&quot;,&quot;animation_delay&quot;:500}\">\n\t\t\t<div class=\"elementor-column-wrap elementor-element-populated\">\n\t\t\t\t\t\t\t<div class=\"elementor-widget-wrap\">\n\t\t\t\t\t\t<div class=\"elementor-element elementor-element-a61136e elementor-invisible elementor-widget elementor-widget-heading\" data-id=\"a61136e\" data-element_type=\"widget\" data-settings=\"{&quot;_animation&quot;:&quot;fadeIn&quot;,&quot;_animation_delay&quot;:500}\" data-widget_type=\"heading.default\">\n\t\t\t\t<div class=\"elementor-widget-container\">\n\t\t\t<h2 class=\"elementor-heading-title elementor-size-default\">Postani dio tima<\/h2>\t\t<\/div>\n\t\t\t\t<\/div>\n\t\t\t\t\t\t<\/div>\n\t\t\t\t\t<\/div>\n\t\t<\/div>\n\t\t\t\t\t\t\t\t<\/div>\n\t\t\t\t\t<\/div>\n\t\t<\/section>\n\t\t\t\t<section class=\"elementor-section elementor-top-section elementor-element elementor-element-61a9462 elementor-section-boxed elementor-section-height-default elementor-section-height-default\" data-id=\"61a9462\" data-element_type=\"section\" data-settings=\"{&quot;jet_parallax_layout_list&quot;:[]}\">\n\t\t\t\t\t\t<div class=\"elementor-container elementor-column-gap-default\">\n\t\t\t\t\t\t\t<div class=\"elementor-row\">\n\t\t\t\t\t<div class=\"elementor-column elementor-col-100 elementor-top-column elementor-element elementor-element-c415f3f\" data-id=\"c415f3f\" data-element_type=\"column\">\n\t\t\t<div class=\"elementor-column-wrap elementor-element-populated\">\n\t\t\t\t\t\t\t<div class=\"elementor-widget-wrap\">\n\t\t\t\t\t\t<div class=\"elementor-element elementor-element-7916891 elementor-widget elementor-widget-text-editor\" data-id=\"7916891\" data-element_type=\"widget\" data-widget_type=\"text-editor.default\">\n\t\t\t\t<div class=\"elementor-widget-container\">\n\t\t\t\t\t\t\t\t<div class=\"elementor-text-editor elementor-clearfix\">\n\t\t\t\t<p>Pridru\u017eite se na\u0161em timu i budite dio ljetne avanture na Zrmanji. U radu s nama, garantiramo vam atmosferu ispunjenu smijehom, zabavom i radom. Tra\u017eimo strastvene ,\u00a0 entuzijasti\u010dne i energi\u010dne pojedince koji su spremni podijeliti svoju strast prema prirodi i avanturi s na\u0161im gostima.<\/p>\n<p>Svaki zaposlenik na\u0161eg tima klju\u010dan je za stvaranje pozitivnih i nezaborvnih iskustava za na\u0161e goste te od svojih zaposlenika o\u010dekujemo odgovornost, dobru energiju, predanost poslu, timski rad, komunikativnost.<\/p>\n\t\t\t\t\t<\/div>\n\t\t\t\t\t\t<\/div>\n\t\t\t\t<\/div>\n\t\t\t\t<div class=\"elementor-element elementor-element-5436523 elementor-widget elementor-widget-heading\" data-id=\"5436523\" data-element_type=\"widget\" data-settings=\"{&quot;_animation&quot;:&quot;none&quot;,&quot;_animation_delay&quot;:500}\" data-widget_type=\"heading.default\">\n\t\t\t\t<div class=\"elementor-widget-container\">\n\t\t\t<h3 class=\"elementor-heading-title elementor-size-default\">Posao uklju\u010duje:<\/h3>\t\t<\/div>\n\t\t\t\t<\/div>\n\t\t\t\t<div class=\"elementor-element elementor-element-386aa49 elementor-widget elementor-widget-text-editor\" data-id=\"386aa49\" data-element_type=\"widget\" data-widget_type=\"text-editor.default\">\n\t\t\t\t<div class=\"elementor-widget-container\">\n\t\t\t\t\t\t\t\t<div class=\"elementor-text-editor elementor-clearfix\">\n\t\t\t\t<ul>\n<li>Vo\u0111enje rafting i kajak izleta na rijeci Zrmanji<\/li>\n<li>Dodatni\/popratni poslovi po dogovoru<\/li>\n<li>Smje\u0161taj i hrana osigurani<\/li>\n<li>Timski rad<\/li>\n<li>Boravak u prirodi<\/li>\n<li>Period rada: 15\/31.06. \u2013 1.\/15.09<\/li>\n<\/ul>\n\t\t\t\t\t<\/div>\n\t\t\t\t\t\t<\/div>\n\t\t\t\t<\/div>\n\t\t\t\t<div class=\"elementor-element elementor-element-077c9a1 elementor-widget elementor-widget-heading\" data-id=\"077c9a1\" data-element_type=\"widget\" data-settings=\"{&quot;_animation&quot;:&quot;none&quot;,&quot;_animation_delay&quot;:500}\" data-widget_type=\"heading.default\">\n\t\t\t\t<div class=\"elementor-widget-container\">\n\t\t\t<h3 class=\"elementor-heading-title elementor-size-default\">Vrsta posla<\/h3>\t\t<\/div>\n\t\t\t\t<\/div>\n\t\t\t\t<div class=\"elementor-element elementor-element-57d00e2 elementor-widget elementor-widget-text-editor\" data-id=\"57d00e2\" data-element_type=\"widget\" data-widget_type=\"text-editor.default\">\n\t\t\t\t<div class=\"elementor-widget-container\">\n\t\t\t\t\t\t\t\t<div class=\"elementor-text-editor elementor-clearfix\">\n\t\t\t\t<p>Stalni radni odnos, rad na odre\u0111eno vrijeme, honorarni posao, student servis.<\/p>\n\t\t\t\t\t<\/div>\n\t\t\t\t\t\t<\/div>\n\t\t\t\t<\/div>\n\t\t\t\t<div class=\"elementor-element elementor-element-be5e084 elementor-widget elementor-widget-heading\" data-id=\"be5e084\" data-element_type=\"widget\" data-settings=\"{&quot;_animation&quot;:&quot;none&quot;,&quot;_animation_delay&quot;:500}\" data-widget_type=\"heading.default\">\n\t\t\t\t<div class=\"elementor-widget-container\">\n\t\t\t<h3 class=\"elementor-heading-title elementor-size-default\">Uvijeti za rad<\/h3>\t\t<\/div>\n\t\t\t\t<\/div>\n\t\t\t\t<div class=\"elementor-element elementor-element-0916865 elementor-widget elementor-widget-text-editor\" data-id=\"0916865\" data-element_type=\"widget\" data-widget_type=\"text-editor.default\">\n\t\t\t\t<div class=\"elementor-widget-container\">\n\t\t\t\t\t\t\t\t<div class=\"elementor-text-editor elementor-clearfix\">\n\t\t\t\t<ul>\n<li>Poznavanje engleskog jezika<\/li>\n<li>Voza\u010dka dozvola<\/li>\n<li>Ljubav prema aktivnom stilu \u017eivota<\/li>\n<li>Razvijene komunikacijske vje\u0161tine<\/li>\n<li>Funkcioniranje u stresnim situacijama<\/li>\n<li>Organiziranost<\/li>\n<\/ul>\n\t\t\t\t\t<\/div>\n\t\t\t\t\t\t<\/div>\n\t\t\t\t<\/div>\n\t\t\t\t<div class=\"elementor-element elementor-element-bb107fb elementor-widget elementor-widget-heading\" data-id=\"bb107fb\" data-element_type=\"widget\" data-settings=\"{&quot;_animation&quot;:&quot;none&quot;,&quot;_animation_delay&quot;:500}\" data-widget_type=\"heading.default\">\n\t\t\t\t<div class=\"elementor-widget-container\">\n\t\t\t<h3 class=\"elementor-heading-title elementor-size-default\">Prednosti<\/h3>\t\t<\/div>\n\t\t\t\t<\/div>\n\t\t\t\t<div class=\"elementor-element elementor-element-826fb5f elementor-widget elementor-widget-text-editor\" data-id=\"826fb5f\" data-element_type=\"widget\" data-widget_type=\"text-editor.default\">\n\t\t\t\t<div class=\"elementor-widget-container\">\n\t\t\t\t\t\t\t\t<div class=\"elementor-text-editor elementor-clearfix\">\n\t\t\t\t<ul>\n<li>Poznavanje jos jednog stranog jezika<\/li>\n<li>Iskustvo u radu s djecom i grupama<\/li>\n<li>Iskustvo u pustolovnom turizmu<\/li>\n<\/ul>\n\t\t\t\t\t<\/div>\n\t\t\t\t\t\t<\/div>\n\t\t\t\t<\/div>\n\t\t\t\t<div class=\"elementor-element elementor-element-be84d0f elementor-widget elementor-widget-text-editor\" data-id=\"be84d0f\" data-element_type=\"widget\" data-widget_type=\"text-editor.default\">\n\t\t\t\t<div class=\"elementor-widget-container\">\n\t\t\t\t\t\t\t\t<div class=\"elementor-text-editor elementor-clearfix\">\n\t\t\t\t<p>Ako se vidi\u0161 u ovom opisu, pridru\u017ei se na\u0161em timu i iskoristi priliku da svoje ljeto u\u010dini\u0161 nezaboravnim, rade\u0107i ono \u0161to voli\u0161, u okru\u017eenju koje odi\u0161e prirodom i avanturom<\/p>\n<p>Spreman \/ spremna si provesti ljeto rade\u0107i i u\u010de\u0107i stvaraju\u0107i nova prijateljstva i nezaboravne trenutke, ne \u010dekaj,\u00a0 prijavi se.<\/p>\n\t\t\t\t\t<\/div>\n\t\t\t\t\t\t<\/div>\n\t\t\t\t<\/div>\n\t\t\t\t<div class=\"elementor-element elementor-element-c665640 elementor-widget elementor-widget-button\" data-id=\"c665640\" data-element_type=\"widget\" data-widget_type=\"button.default\">\n\t\t\t\t<div class=\"elementor-widget-container\">\n\t\t\t\t\t<div class=\"elementor-button-wrapper\">\n\t\t\t<a href=\"https:\/\/f-zrmanja.com\/hr\/kontakt\/\" class=\"elementor-button-link elementor-button elementor-size-sm\" role=\"button\">\n\t\t\t\t\t\t<span class=\"elementor-button-content-wrapper\">\n\t\t\t\t\t\t<span class=\"elementor-button-text\">Kontakt<\/span>\n\t\t<\/span>\n\t\t\t\t\t<\/a>\n\t\t<\/div>\n\t\t\t\t<\/div>\n\t\t\t\t<\/div>\n\t\t\t\t\t\t<\/div>\n\t\t\t\t\t<\/div>\n\t\t<\/div>\n\t\t\t\t\t\t\t\t<\/div>\n\t\t\t\t\t<\/div>\n\t\t<\/section>\n\t\t\t\t\t\t\t\t\t<\/div>\n\t\t\t<\/div>\n\t\t\t\t\t<\/div>\n\t\t","protected":false},"excerpt":{"rendered":"<p>Postani dio tima Pridru\u017eite se na\u0161em timu i budite dio ljetne avanture na Zrmanji. U radu s nama, garantiramo vam atmosferu ispunjenu smijehom, zabavom i radom. Tra\u017eimo strastvene ,\u00a0 entuzijasti\u010dne i energi\u010dne pojedince koji su spremni podijeliti svoju strast prema prirodi i avanturi s na\u0161im gostima. Svaki zaposlenik na\u0161eg tima klju\u010dan je za stvaranje pozitivnih [&hellip;]<\/p>\n","protected":false},"author":5,"featured_media":0,"parent":5642,"menu_order":0,"comment_status":"closed","ping_status":"closed","template":"","meta":{"_seopress_robots_primary_cat":""},"_links":{"self":[{"href":"https:\/\/f-zrmanja.com\/hr\/wp-json\/wp\/v2\/pages\/8431"}],"collection":[{"href":"https:\/\/f-zrmanja.com\/hr\/wp-json\/wp\/v2\/pages"}],"about":[{"href":"https:\/\/f-zrmanja.com\/hr\/wp-json\/wp\/v2\/types\/page"}],"author":[{"embeddable":true,"href":"https:\/\/f-zrmanja.com\/hr\/wp-json\/wp\/v2\/users\/5"}],"replies":[{"embeddable":true,"href":"https:\/\/f-zrmanja.com\/hr\/wp-json\/wp\/v2\/comments?post=8431"}],"version-history":[{"count":2,"href":"https:\/\/f-zrmanja.com\/hr\/wp-json\/wp\/v2\/pages\/8431\/revisions"}],"predecessor-version":[{"id":8439,"href":"https:\/\/f-zrmanja.com\/hr\/wp-json\/wp\/v2\/pages\/8431\/revisions\/8439"}],"up":[{"embeddable":true,"href":"https:\/\/f-zrmanja.com\/hr\/wp-json\/wp\/v2\/pages\/5642"}],"wp:attachment":[{"href":"https:\/\/f-zrmanja.com\/hr\/wp-json\/wp\/v2\/media?parent=8431"}],"curies":[{"name":"wp","href":"https:\/\/api.w.org\/{rel}","templated":true}]}}