{"id":5677,"date":"2020-07-02T17:54:46","date_gmt":"2020-07-02T15:54:46","guid":{"rendered":"http:\/\/f-zrmanja.com\/prava-i-uvjeti-foto-safari-izlet-brodom\/"},"modified":"2020-07-05T08:53:26","modified_gmt":"2020-07-05T06:53:26","slug":"prava-i-uvjeti-foto-safari-izlet-brodom","status":"publish","type":"page","link":"https:\/\/f-zrmanja.com\/hr\/prava-i-uvjeti-foto-safari-izlet-brodom\/","title":{"rendered":"Prava i uvjeti &#8211; Foto safari \u2013 izlet brodom"},"content":{"rendered":"\t\t<div data-elementor-type=\"wp-page\" data-elementor-id=\"5677\" class=\"elementor elementor-5677 elementor-5363\">\n\t\t\t\t\t\t<div class=\"elementor-inner\">\n\t\t\t\t<div class=\"elementor-section-wrap\">\n\t\t\t\t\t\t\t\t\t<section class=\"elementor-section elementor-top-section elementor-element elementor-element-afd91f4 elementor-section-boxed elementor-section-height-default elementor-section-height-default\" data-id=\"afd91f4\" data-element_type=\"section\" data-settings=\"{&quot;jet_parallax_layout_list&quot;:[{&quot;jet_parallax_layout_image&quot;:{&quot;url&quot;:&quot;&quot;,&quot;id&quot;:&quot;&quot;,&quot;size&quot;:&quot;&quot;},&quot;_id&quot;:&quot;0f5ab00&quot;,&quot;jet_parallax_layout_image_tablet&quot;:{&quot;url&quot;:&quot;&quot;,&quot;id&quot;:&quot;&quot;,&quot;size&quot;:&quot;&quot;},&quot;jet_parallax_layout_image_mobile&quot;:{&quot;url&quot;:&quot;&quot;,&quot;id&quot;:&quot;&quot;,&quot;size&quot;:&quot;&quot;},&quot;jet_parallax_layout_speed&quot;:{&quot;unit&quot;:&quot;%&quot;,&quot;size&quot;:50,&quot;sizes&quot;:[]},&quot;jet_parallax_layout_type&quot;:&quot;scroll&quot;,&quot;jet_parallax_layout_direction&quot;:null,&quot;jet_parallax_layout_fx_direction&quot;:null,&quot;jet_parallax_layout_z_index&quot;:&quot;&quot;,&quot;jet_parallax_layout_bg_x&quot;:50,&quot;jet_parallax_layout_bg_y&quot;:50,&quot;jet_parallax_layout_bg_size&quot;:&quot;auto&quot;,&quot;jet_parallax_layout_animation_prop&quot;:&quot;transform&quot;,&quot;jet_parallax_layout_on&quot;:[&quot;desktop&quot;,&quot;tablet&quot;],&quot;jet_parallax_layout_bg_x_tablet&quot;:&quot;&quot;,&quot;jet_parallax_layout_bg_x_mobile&quot;:&quot;&quot;,&quot;jet_parallax_layout_bg_y_tablet&quot;:&quot;&quot;,&quot;jet_parallax_layout_bg_y_mobile&quot;:&quot;&quot;,&quot;jet_parallax_layout_bg_size_tablet&quot;:&quot;&quot;,&quot;jet_parallax_layout_bg_size_mobile&quot;:&quot;&quot;}]}\">\n\t\t\t\t\t\t<div class=\"elementor-container elementor-column-gap-wide\">\n\t\t\t\t\t\t\t<div class=\"elementor-row\">\n\t\t\t\t\t<div class=\"elementor-column elementor-col-100 elementor-top-column elementor-element elementor-element-b38a341\" data-id=\"b38a341\" data-element_type=\"column\">\n\t\t\t<div class=\"elementor-column-wrap elementor-element-populated\">\n\t\t\t\t\t\t\t<div class=\"elementor-widget-wrap\">\n\t\t\t\t\t\t<div class=\"elementor-element elementor-element-7de7930 elementor-widget elementor-widget-heading\" data-id=\"7de7930\" data-element_type=\"widget\" data-widget_type=\"heading.default\">\n\t\t\t\t<div class=\"elementor-widget-container\">\n\t\t\t<h2 class=\"elementor-heading-title elementor-size-default\">Prava i uvjeti - Foto safari \u2013 izlet brodom<\/h2>\t\t<\/div>\n\t\t\t\t<\/div>\n\t\t\t\t<div class=\"elementor-element elementor-element-d55b3b6 elementor-widget elementor-widget-text-editor\" data-id=\"d55b3b6\" data-element_type=\"widget\" data-widget_type=\"text-editor.default\">\n\t\t\t\t<div class=\"elementor-widget-container\">\n\t\t\t\t\t\t\t\t<div class=\"elementor-text-editor elementor-clearfix\">\n\t\t\t\t<ol>\n<li>Kupnjom karte za aktivnosti iz ponude agencije, sudionik prihva\u0107a rizik koji donose avanturisti\u010dke aktivnosti i aktivnosti na otvorenome.<\/li>\n<li>Izlet brodom mogu rezervirati pojedinci koji ne dolaze u grupama. U takvim slu\u010dajevima mogu\u0107a je koordinacija sa drugim pojedincima i grupama, koje tog istog dana sudjeluju na izletu.<\/li>\n<li>Svaki sudionik garantira da posjeduje psihofizi\u010dke sposobnosti da sudjeluje na izletu brodom.<\/li>\n<li>Osobe pod utjecajem droga, alkohola i lijekova bit \u0107e isklju\u010dene sa izleta brodom.<\/li>\n<li>Pravila pona\u0161anja na brodu bit \u0107e obja\u0161njena od strane skipera \u2013 vodi\u010da. Rizici ne mogu biti isklju\u010deni, tako da sudjelovanje na izletu stupa na vlastitu odgovornost samog sudionika ili njegovog pratitelja.<\/li>\n<li>Vodi\u010d ima pravo slobodne procijene izlet prekinuti , pro\u0161iriti ili skratiti ukoliko gosti mogu biti ugro\u017eeni , kao npr. Lo\u0161im vremenskim uvijetima.<\/li>\n<li>Svaka ozlijeda i \u0161teta trebaju odmah biti prijavljene vodi\u010du.<\/li>\n<li>To\u010dno vremensko trajanje izleta nije mogu\u0107e unaprijed utvrditi. Sve navedene satnice vrijede kao direktive.<\/li>\n<li>Djeca do 15 godina mogu sudjelovati u izletu samo u pratnji osobe, koja mora imati najmanje 19 godina i sposobna je za nadzor druge osobe<\/li>\n<\/ol>\n\t\t\t\t\t<\/div>\n\t\t\t\t\t\t<\/div>\n\t\t\t\t<\/div>\n\t\t\t\t<div class=\"elementor-element elementor-element-b7b67a9 elementor-mobile-align-center elementor-widget elementor-widget-button\" data-id=\"b7b67a9\" data-element_type=\"widget\" data-widget_type=\"button.default\">\n\t\t\t\t<div class=\"elementor-widget-container\">\n\t\t\t\t\t<div class=\"elementor-button-wrapper\">\n\t\t\t<a href=\"https:\/\/f-zrmanja.com\/hr\/foto-safari-na-rijeci-zrmanji-izlet-brodom\/\" class=\"elementor-button-link elementor-button elementor-size-sm\" role=\"button\">\n\t\t\t\t\t\t<span class=\"elementor-button-content-wrapper\">\n\t\t\t\t\t\t\t<span class=\"elementor-button-icon elementor-align-icon-right\">\n\t\t\t\t<i aria-hidden=\"true\" class=\"fas fa-reply\"><\/i>\t\t\t<\/span>\n\t\t\t\t\t\t<span class=\"elementor-button-text\">Foto safari \u2013 izlet brodom<\/span>\n\t\t<\/span>\n\t\t\t\t\t<\/a>\n\t\t<\/div>\n\t\t\t\t<\/div>\n\t\t\t\t<\/div>\n\t\t\t\t\t\t<\/div>\n\t\t\t\t\t<\/div>\n\t\t<\/div>\n\t\t\t\t\t\t\t\t<\/div>\n\t\t\t\t\t<\/div>\n\t\t<\/section>\n\t\t\t\t\t\t\t\t\t<\/div>\n\t\t\t<\/div>\n\t\t\t\t\t<\/div>\n\t\t","protected":false},"excerpt":{"rendered":"<p>Prava i uvjeti &#8211; Foto safari \u2013 izlet brodom Kupnjom karte za aktivnosti iz ponude agencije, sudionik prihva\u0107a rizik koji donose avanturisti\u010dke aktivnosti i aktivnosti na otvorenome. Izlet brodom mogu rezervirati pojedinci koji ne dolaze u grupama. U takvim slu\u010dajevima mogu\u0107a je koordinacija sa drugim pojedincima i grupama, koje tog istog dana sudjeluju na izletu. [&hellip;]<\/p>\n","protected":false},"author":1,"featured_media":0,"parent":0,"menu_order":0,"comment_status":"closed","ping_status":"closed","template":"elementor_header_footer","meta":{"_seopress_robots_primary_cat":""},"_links":{"self":[{"href":"https:\/\/f-zrmanja.com\/hr\/wp-json\/wp\/v2\/pages\/5677"}],"collection":[{"href":"https:\/\/f-zrmanja.com\/hr\/wp-json\/wp\/v2\/pages"}],"about":[{"href":"https:\/\/f-zrmanja.com\/hr\/wp-json\/wp\/v2\/types\/page"}],"author":[{"embeddable":true,"href":"https:\/\/f-zrmanja.com\/hr\/wp-json\/wp\/v2\/users\/1"}],"replies":[{"embeddable":true,"href":"https:\/\/f-zrmanja.com\/hr\/wp-json\/wp\/v2\/comments?post=5677"}],"version-history":[{"count":0,"href":"https:\/\/f-zrmanja.com\/hr\/wp-json\/wp\/v2\/pages\/5677\/revisions"}],"wp:attachment":[{"href":"https:\/\/f-zrmanja.com\/hr\/wp-json\/wp\/v2\/media?parent=5677"}],"curies":[{"name":"wp","href":"https:\/\/api.w.org\/{rel}","templated":true}]}}