{"id":5630,"date":"2020-06-29T07:41:47","date_gmt":"2020-06-29T05:41:47","guid":{"rendered":"http:\/\/fzrmanja.sektormontenegro.com\/opci-uvjeti-putovanja-pravila-za-sudjelovanje-na-raftingu\/"},"modified":"2020-07-05T08:53:27","modified_gmt":"2020-07-05T06:53:27","slug":"opci-uvjeti-putovanja-pravila-za-sudjelovanje-na-raftingu","status":"publish","type":"page","link":"https:\/\/f-zrmanja.com\/hr\/opci-uvjeti-putovanja-pravila-za-sudjelovanje-na-raftingu\/","title":{"rendered":"Uvjeti i odredbe &#8211; Pravila za sudjelovanje na raftingu"},"content":{"rendered":"\t\t<div data-elementor-type=\"wp-page\" data-elementor-id=\"5630\" class=\"elementor elementor-5630 elementor-5348\">\n\t\t\t\t\t\t<div class=\"elementor-inner\">\n\t\t\t\t<div class=\"elementor-section-wrap\">\n\t\t\t\t\t\t\t\t\t<section class=\"elementor-section elementor-top-section elementor-element elementor-element-3c6df20 elementor-section-boxed elementor-section-height-default elementor-section-height-default\" data-id=\"3c6df20\" data-element_type=\"section\" data-settings=\"{&quot;jet_parallax_layout_list&quot;:[{&quot;jet_parallax_layout_image&quot;:{&quot;url&quot;:&quot;&quot;,&quot;id&quot;:&quot;&quot;,&quot;size&quot;:&quot;&quot;},&quot;_id&quot;:&quot;0f5ab00&quot;,&quot;jet_parallax_layout_image_tablet&quot;:{&quot;url&quot;:&quot;&quot;,&quot;id&quot;:&quot;&quot;,&quot;size&quot;:&quot;&quot;},&quot;jet_parallax_layout_image_mobile&quot;:{&quot;url&quot;:&quot;&quot;,&quot;id&quot;:&quot;&quot;,&quot;size&quot;:&quot;&quot;},&quot;jet_parallax_layout_speed&quot;:{&quot;unit&quot;:&quot;%&quot;,&quot;size&quot;:50,&quot;sizes&quot;:[]},&quot;jet_parallax_layout_type&quot;:&quot;scroll&quot;,&quot;jet_parallax_layout_direction&quot;:null,&quot;jet_parallax_layout_fx_direction&quot;:null,&quot;jet_parallax_layout_z_index&quot;:&quot;&quot;,&quot;jet_parallax_layout_bg_x&quot;:50,&quot;jet_parallax_layout_bg_y&quot;:50,&quot;jet_parallax_layout_bg_size&quot;:&quot;auto&quot;,&quot;jet_parallax_layout_animation_prop&quot;:&quot;transform&quot;,&quot;jet_parallax_layout_on&quot;:[&quot;desktop&quot;,&quot;tablet&quot;],&quot;jet_parallax_layout_bg_x_tablet&quot;:&quot;&quot;,&quot;jet_parallax_layout_bg_x_mobile&quot;:&quot;&quot;,&quot;jet_parallax_layout_bg_y_tablet&quot;:&quot;&quot;,&quot;jet_parallax_layout_bg_y_mobile&quot;:&quot;&quot;,&quot;jet_parallax_layout_bg_size_tablet&quot;:&quot;&quot;,&quot;jet_parallax_layout_bg_size_mobile&quot;:&quot;&quot;}]}\">\n\t\t\t\t\t\t<div class=\"elementor-container elementor-column-gap-wide\">\n\t\t\t\t\t\t\t<div class=\"elementor-row\">\n\t\t\t\t\t<div class=\"elementor-column elementor-col-100 elementor-top-column elementor-element elementor-element-ba8a77a\" data-id=\"ba8a77a\" data-element_type=\"column\">\n\t\t\t<div class=\"elementor-column-wrap elementor-element-populated\">\n\t\t\t\t\t\t\t<div class=\"elementor-widget-wrap\">\n\t\t\t\t\t\t<div class=\"elementor-element elementor-element-5ab8560 elementor-widget elementor-widget-heading\" data-id=\"5ab8560\" data-element_type=\"widget\" data-widget_type=\"heading.default\">\n\t\t\t\t<div class=\"elementor-widget-container\">\n\t\t\t<h2 class=\"elementor-heading-title elementor-size-default\">Uvjeti i odredbe - Pravila za sudjelovanje na raftingu <\/h2>\t\t<\/div>\n\t\t\t\t<\/div>\n\t\t\t\t<div class=\"elementor-element elementor-element-d46a0b1 elementor-widget elementor-widget-text-editor\" data-id=\"d46a0b1\" data-element_type=\"widget\" data-widget_type=\"text-editor.default\">\n\t\t\t\t<div class=\"elementor-widget-container\">\n\t\t\t\t\t\t\t\t<div class=\"elementor-text-editor elementor-clearfix\">\n\t\t\t\t<ol>\n<li>Kupnjom karte za aktivnosti iz ponude agencije, sudionik prihva\u0107a rizik koji donose avanturisti\u010dke aktivnosti kao i aktivnosti na otvorenome.<\/li>\n<li>Rafting izlete mogu rezervirati i pojedinci, koji ne dolaze u grupama. U takvim slu\u010dajevima mogu\u0107a je koordinacija sa drugim pojedincima i grupama, koje tog istog dana sudjeluju na izletu.<\/li>\n<li>Svaki sudionik garantira da posjeduje psihofizi\u010dke sposobnosti za sudjelovanje na raftingu.<\/li>\n<li>Osobe pod utjecajem droga, alkohola i lijekova bit \u0107e isklju\u010dene sa raftinga.<\/li>\n<li>Svaki sudionik raftinga kod Zrmanja river tours d.o.o. treba znati da sudjeluje na aktivnoj pustolovini, koja ne pru\u017ea klasi\u010dnu udobnost i sigurnost kao kod uobi\u010dajenih komercijalnih putovanja. Rafting vodi\u010di\u2010skiperi su testirani za rafting staze na rijeci Zrmanji. Oprema odgovara aktualnim sigurnosnim standardima. Rafting je, na ponu\u0111enoj stazi, detaljno isplaniran i pripremljen. Pravila pona\u0161anja u \u010damcu bit \u0107e obja\u0161njena od strane skipera\u2010vodi\u010da pred sami po\u010detak rafting izleta. Rizici ne mogu biti isklju\u010deni, tako da sudjelovanje na rafting izlet stupa na vlastitu odgovornost samog sudionika ili njegovog pratitelja.<\/li>\n<li>Sudionik se obavezuje da prati i izvr\u0161ava sve upute skipera i da aktivno sudjeluje na raftingu. Svi sudionici se trebaju me\u0111usobno potpomagati.<\/li>\n<li>Skiper mo\u017ee isklju\u010diti sa rafting izleta sve one koji ne ispunjavaju potrebne preduvjete ili cjelu organizaciju prekinuti. Skiper ima pravo slobodne procjene,rafting program prekinuti, pro\u0161iriti ili skratiti, ukoliko gosti mogu biti ugro\u017eeni, kao npr. lo\u0161im vremenskim uvjetima ili nedovoljnom sposobno\u0161\u0107u sudionika. U takvim slu\u010dajevima Zrmanja river tours d.o.o. ima pravo odstupiti od ugovora odnosno prihva\u0107ene rezervavacije<\/li>\n<li>Svaka ozljeda i \u0161teta trebaju odmah biti prijavljene vodi\u010du.<\/li>\n<li>To\u010dno vremensko trajanje izleta nije mogu\u0107e unaprijed utvrditi. Sve navedene satnice vrijede kao direktive.<\/li>\n<li>Ukoliko gosti koriste vlastita prijevozna sredstva Zrmanja river tours d.o.o. ne preuzima odgovornost za saobra\u0107ajne nezgode ili \u0161tete, koje nastaju pri dolasku u jedan od na\u0161ih centara i odlasku iz istih.<\/li>\n<li>Djeca do 15 godina smiju i\u0107i na rafting samo u pratnji osobe, koja mora imati najmanje 19 godina i sposobna je za nadzor druge osobe. Svi sudionici raftinga trebaju biti pliva\u010di.<\/li>\n<li>Svaki sudionik je du\u017ean svoju opremu nositi sa sobom. Za namjerna o\u0161te\u0107enja \u010damca i opreme odgovara gost.<\/li>\n<li>Skakanje sa stijena u kanjonu nije dio programa i uslijedit \u0107e samo na vlastitu odgovornost sudionika, isto vrijedi i za kupanje na kraju rafting staze (u mjestu Mu\u0161kovci). Pri dobrovoljnom skakanju na gore navedenim mjestima neophodno je pratiti detaljne upute skipera.<\/li>\n<li>Svaki sudionik treba paziti da se ne udaljava od ostalih sudionika i da se uvijek vesla u grupi. Ako je nemogu\u0107e da se to odr\u017ei, onda na odredbenim mjestima treba stati i pri\u010dekati ostatak grupe.<\/li>\n<\/ol>\n\t\t\t\t\t<\/div>\n\t\t\t\t\t\t<\/div>\n\t\t\t\t<\/div>\n\t\t\t\t<div class=\"elementor-element elementor-element-03b36ce elementor-mobile-align-center elementor-widget elementor-widget-button\" data-id=\"03b36ce\" data-element_type=\"widget\" data-widget_type=\"button.default\">\n\t\t\t\t<div class=\"elementor-widget-container\">\n\t\t\t\t\t<div class=\"elementor-button-wrapper\">\n\t\t\t<a href=\"https:\/\/f-zrmanja.com\/hr\/kanu-safari-rafting-na-zrmanji\/\" class=\"elementor-button-link elementor-button elementor-size-sm\" role=\"button\">\n\t\t\t\t\t\t<span class=\"elementor-button-content-wrapper\">\n\t\t\t\t\t\t\t<span class=\"elementor-button-icon elementor-align-icon-right\">\n\t\t\t\t<i aria-hidden=\"true\" class=\"fas fa-reply\"><\/i>\t\t\t<\/span>\n\t\t\t\t\t\t<span class=\"elementor-button-text\">Canoe safari \/ rafting<\/span>\n\t\t<\/span>\n\t\t\t\t\t<\/a>\n\t\t<\/div>\n\t\t\t\t<\/div>\n\t\t\t\t<\/div>\n\t\t\t\t\t\t<\/div>\n\t\t\t\t\t<\/div>\n\t\t<\/div>\n\t\t\t\t\t\t\t\t<\/div>\n\t\t\t\t\t<\/div>\n\t\t<\/section>\n\t\t\t\t\t\t\t\t\t<\/div>\n\t\t\t<\/div>\n\t\t\t\t\t<\/div>\n\t\t","protected":false},"excerpt":{"rendered":"<p>Uvjeti i odredbe &#8211; Pravila za sudjelovanje na raftingu Kupnjom karte za aktivnosti iz ponude agencije, sudionik prihva\u0107a rizik koji donose avanturisti\u010dke aktivnosti kao i aktivnosti na otvorenome. Rafting izlete mogu rezervirati i pojedinci, koji ne dolaze u grupama. U takvim slu\u010dajevima mogu\u0107a je koordinacija sa drugim pojedincima i grupama, koje tog istog dana sudjeluju [&hellip;]<\/p>\n","protected":false},"author":1,"featured_media":0,"parent":0,"menu_order":0,"comment_status":"closed","ping_status":"closed","template":"elementor_header_footer","meta":{"_seopress_robots_primary_cat":""},"_links":{"self":[{"href":"https:\/\/f-zrmanja.com\/hr\/wp-json\/wp\/v2\/pages\/5630"}],"collection":[{"href":"https:\/\/f-zrmanja.com\/hr\/wp-json\/wp\/v2\/pages"}],"about":[{"href":"https:\/\/f-zrmanja.com\/hr\/wp-json\/wp\/v2\/types\/page"}],"author":[{"embeddable":true,"href":"https:\/\/f-zrmanja.com\/hr\/wp-json\/wp\/v2\/users\/1"}],"replies":[{"embeddable":true,"href":"https:\/\/f-zrmanja.com\/hr\/wp-json\/wp\/v2\/comments?post=5630"}],"version-history":[{"count":0,"href":"https:\/\/f-zrmanja.com\/hr\/wp-json\/wp\/v2\/pages\/5630\/revisions"}],"wp:attachment":[{"href":"https:\/\/f-zrmanja.com\/hr\/wp-json\/wp\/v2\/media?parent=5630"}],"curies":[{"name":"wp","href":"https:\/\/api.w.org\/{rel}","templated":true}]}}