{"id":5632,"date":"2020-06-29T07:43:58","date_gmt":"2020-06-29T05:43:58","guid":{"rendered":"http:\/\/fzrmanja.sektormontenegro.com\/allgemeine-geschaeftsbedingungen-%e2%80%90-regelungen-fuer-die-raftingteilnahme\/"},"modified":"2020-07-05T08:53:27","modified_gmt":"2020-07-05T06:53:27","slug":"allgemeine-geschaeftsbedingungen-%e2%80%90-regelungen-fuer-die-raftingteilnahme","status":"publish","type":"page","link":"https:\/\/f-zrmanja.com\/de\/allgemeine-geschaeftsbedingungen-%e2%80%90-regelungen-fuer-die-raftingteilnahme\/","title":{"rendered":"Allgemeine gesch\u00e4ftsbedingungen \u2010 regelungen f\u00fcr die raftingteilnahme"},"content":{"rendered":"\t\t<div data-elementor-type=\"wp-page\" data-elementor-id=\"5632\" class=\"elementor elementor-5632 elementor-5348\">\n\t\t\t\t\t\t<div class=\"elementor-inner\">\n\t\t\t\t<div class=\"elementor-section-wrap\">\n\t\t\t\t\t\t\t\t\t<section class=\"elementor-section elementor-top-section elementor-element elementor-element-3c6df20 elementor-section-boxed elementor-section-height-default elementor-section-height-default\" data-id=\"3c6df20\" data-element_type=\"section\" data-settings=\"{&quot;jet_parallax_layout_list&quot;:[{&quot;jet_parallax_layout_image&quot;:{&quot;url&quot;:&quot;&quot;,&quot;id&quot;:&quot;&quot;,&quot;size&quot;:&quot;&quot;},&quot;_id&quot;:&quot;0f5ab00&quot;,&quot;jet_parallax_layout_image_tablet&quot;:{&quot;url&quot;:&quot;&quot;,&quot;id&quot;:&quot;&quot;,&quot;size&quot;:&quot;&quot;},&quot;jet_parallax_layout_image_mobile&quot;:{&quot;url&quot;:&quot;&quot;,&quot;id&quot;:&quot;&quot;,&quot;size&quot;:&quot;&quot;},&quot;jet_parallax_layout_speed&quot;:{&quot;unit&quot;:&quot;%&quot;,&quot;size&quot;:50,&quot;sizes&quot;:[]},&quot;jet_parallax_layout_type&quot;:&quot;scroll&quot;,&quot;jet_parallax_layout_direction&quot;:null,&quot;jet_parallax_layout_fx_direction&quot;:null,&quot;jet_parallax_layout_z_index&quot;:&quot;&quot;,&quot;jet_parallax_layout_bg_x&quot;:50,&quot;jet_parallax_layout_bg_y&quot;:50,&quot;jet_parallax_layout_bg_size&quot;:&quot;auto&quot;,&quot;jet_parallax_layout_animation_prop&quot;:&quot;transform&quot;,&quot;jet_parallax_layout_on&quot;:[&quot;desktop&quot;,&quot;tablet&quot;],&quot;jet_parallax_layout_bg_x_tablet&quot;:&quot;&quot;,&quot;jet_parallax_layout_bg_x_mobile&quot;:&quot;&quot;,&quot;jet_parallax_layout_bg_y_tablet&quot;:&quot;&quot;,&quot;jet_parallax_layout_bg_y_mobile&quot;:&quot;&quot;,&quot;jet_parallax_layout_bg_size_tablet&quot;:&quot;&quot;,&quot;jet_parallax_layout_bg_size_mobile&quot;:&quot;&quot;}]}\">\n\t\t\t\t\t\t<div class=\"elementor-container elementor-column-gap-wide\">\n\t\t\t\t\t\t\t<div class=\"elementor-row\">\n\t\t\t\t\t<div class=\"elementor-column elementor-col-100 elementor-top-column elementor-element elementor-element-ba8a77a\" data-id=\"ba8a77a\" data-element_type=\"column\">\n\t\t\t<div class=\"elementor-column-wrap elementor-element-populated\">\n\t\t\t\t\t\t\t<div class=\"elementor-widget-wrap\">\n\t\t\t\t\t\t<div class=\"elementor-element elementor-element-5ab8560 elementor-widget elementor-widget-heading\" data-id=\"5ab8560\" data-element_type=\"widget\" data-widget_type=\"heading.default\">\n\t\t\t\t<div class=\"elementor-widget-container\">\n\t\t\t<h2 class=\"elementor-heading-title elementor-size-default\">Allgemeine gesch\u00e4ftsbedingungen \u2010 regelungen f\u00fcr die raftingteilnahme <\/h2>\t\t<\/div>\n\t\t\t\t<\/div>\n\t\t\t\t<div class=\"elementor-element elementor-element-d46a0b1 elementor-widget elementor-widget-text-editor\" data-id=\"d46a0b1\" data-element_type=\"widget\" data-widget_type=\"text-editor.default\">\n\t\t\t\t<div class=\"elementor-widget-container\">\n\t\t\t\t\t\t\t\t<div class=\"elementor-text-editor elementor-clearfix\">\n\t\t\t\t<ol>\n<li>Durch den Kauf eines Aktivitaetstickets aus dem Angebot der Agentur , ubernimmt der Teilnehmer das Risiko von Abenteuraktivitaeten sowie Outdoor &#8211; Aktivitaeten<\/li>\n<li>Die genauen Leistungen sind im Programm vorgegeben und beinhalten detaillierte Informationen. Am Rafting k\u00f6nnen auch Einzelpersonen teilnehmen. In dem Fall ist eine Koordination mit anderen Gruppen und Personen notwendig, die am selben Tag teilnehmen.<\/li>\n<li>Jede\/r Teilnehmer\/in garantiert, die f\u00fcr die ausgew\u00e4hlte Tour notwendigen physischen und psychischen Voraussetzungen zu erf\u00fcllen, die im Katalog in den allgemeinen Gesch\u00e4ftsbedingungen angef\u00fchrt sind.<\/li>\n<li>Durch Medikamente, Alkohol oder Drogen beeintr\u00e4chtigte Personen werden von der Tour ausgeschlossen.<\/li>\n<li>Jede\/r Teilnehmer\/ln ist sich dar\u00fcber im Klaren, das er\/sie sich an einem aktiven Abenteuer beteiligt, das nicht den Komfort und die Sicherheit einer \u00fcblichen Pauschalreise bieten kann. Raftingf\u00fchrer sind gepr\u00fcfte Raftingleiter f\u00fcr Rafting auf dem Fluss Zrmanja. Die Ausr\u00fcstung entspricht den neuesten Sicherheitsnormen. S\u00e4mtliche Raftingtouren sind genau geplant und vorbereitet. Vor jeder Tour werden die Verhaltensregeln im Raftingboot erl\u00e4utert. Die Risiken sind aber vielf\u00e4ltig und daher nicht g\u00e4nzlich auszuschlie\u00dfen, somit erfolgt die Teilnahme auf eigene Gefahr. Eltern haften f\u00fcr ihre Kinder. ZRMANJA RIVER TOURS GmbH haftet nicht f\u00fcr Sch\u00e4den, die aus Aktivit\u00e4ten erfolgen, welche \u00fcber das gebuchte Programm hinausgehen.<\/li>\n<li>Die Teilnehmer\/Innen haben s\u00e4mtliche Sicherheitsanweisungen des Raftingf\u00fchrers zu befolgen und an der Tour aktiv mitzuwirken. Alle Teilnehmer\/innen einer Tour sollen sich gegenseitig unterst\u00fctzen.<\/li>\n<li>Der Raftingf\u00fchrer ist berechtigt, Teilnehmer\/innen welche die notwendigen Voraussetzungen zur Raftingteilnahme nicht erf\u00fcllen vom Rafting auszuschlie\u00dfen oder die ganze Tour abzubrechen. Dem Raftingf\u00fchrer bleibt es Vorbehalten, das Tourenprogramm zu \u00e4ndern, zu erweitern oder einzuschr\u00e4nken, wenn die Umst\u00e4nde die Sicherheit der Teilnehmer\/innen gef\u00e4hrden k\u00f6nnen, wie z.B. durch sehr schlechtes Wetter oder mangelnde F\u00e4higkeiten der Teilnehmer\/innen. Die ZRMANJA RIVER TOURS GmbH ist berechtigt bei vorliegen derartiger Umst\u00e4nde vom Vertrag zur\u00fcckzutreten.<\/li>\n<li>Verletzungen und Sch\u00e4den jeglicher Art sind unverz\u00fcglich dem Raftingf\u00fchrer zu melden.<\/li>\n<li>Die genaue zeitliche Dauer l\u00e4sst sich nicht immer genau vorausbestimmen. Die angef\u00fchrten Zeiten gelten nur als Richtwert. ZRMANJA RIVER TOURS GmbH \u00fcbernimmt keine Gew\u00e4hr f\u00fcr die Einhaltung der Richtzeiten der Touren.<\/li>\n<li>F\u00fcr die Anreise und Abreise zu und von unseren Zentren mit privaten Kraftfahrzeugen \u00fcbernimmt die ZRMANJA RIVER TOURS GmbH keinerlei Haftung f\u00fcr entstandene Unf\u00e4lle und Sch\u00e4den.<\/li>\n<li>Die Bef\u00f6rderung von Kindern bis zum vollendeten 15. Jahr wird nur ln Begleitung einer mindestens 19 jahre alten, geeigneten Aufsichtsperson gestattet. Die Bef\u00f6rderung setzt ausreichende Schwimmkenntinsse in flie\u00dfenden Gew\u00e4ssern voraus.<\/li>\n<li>Jede\/r Teilnehmer\/in muss die ihm\/ihr zugewiesene Ausr\u00fcstung mitf\u00fchren.<\/li>\n<li>F\u00fcr absichtliche und mutwillige Besch\u00e4digungen von Booten und Ausr\u00fcstung haftet der\/die Teilnehmer\/in.<\/li>\n<li>Das Springen von den Klippen im Flusstal ist nicht Teil des Programms und erfolgt nur auf eigenes Risiko der Teilnehmer. Gleiches gilt f\u00fcr das Schwimmen am Ende der Rafting-Etappe (in Mu\u0161kovci). Beim freiwilligen Springen an den oben genannten Stellen ist es wichtig, die detaillierten Anweisungen des Skippers zu befolgen.<\/li>\n<li>Jede\/r Teilnehmer\/in hat darauf zu achten, dass die gesamte Gruppe immer Blickkontakt zueinender hat. Gegebenenfalls ist an geeigneter Stelle anzuhalten um den Blickkontakt wieder herzustellen.<\/li>\n<\/ol>\n\t\t\t\t\t<\/div>\n\t\t\t\t\t\t<\/div>\n\t\t\t\t<\/div>\n\t\t\t\t<div class=\"elementor-element elementor-element-03b36ce elementor-mobile-align-center elementor-widget elementor-widget-button\" data-id=\"03b36ce\" data-element_type=\"widget\" data-widget_type=\"button.default\">\n\t\t\t\t<div class=\"elementor-widget-container\">\n\t\t\t\t\t<div class=\"elementor-button-wrapper\">\n\t\t\t<a href=\"https:\/\/f-zrmanja.com\/de\/kanu-safari-rafting-auf-dem-fluss-zrmanja\/\" class=\"elementor-button-link elementor-button elementor-size-sm\" role=\"button\">\n\t\t\t\t\t\t<span class=\"elementor-button-content-wrapper\">\n\t\t\t\t\t\t\t<span class=\"elementor-button-icon elementor-align-icon-right\">\n\t\t\t\t<i aria-hidden=\"true\" class=\"fas fa-reply\"><\/i>\t\t\t<\/span>\n\t\t\t\t\t\t<span class=\"elementor-button-text\">Canoe safari \/ rafting<\/span>\n\t\t<\/span>\n\t\t\t\t\t<\/a>\n\t\t<\/div>\n\t\t\t\t<\/div>\n\t\t\t\t<\/div>\n\t\t\t\t\t\t<\/div>\n\t\t\t\t\t<\/div>\n\t\t<\/div>\n\t\t\t\t\t\t\t\t<\/div>\n\t\t\t\t\t<\/div>\n\t\t<\/section>\n\t\t\t\t\t\t\t\t\t<\/div>\n\t\t\t<\/div>\n\t\t\t\t\t<\/div>\n\t\t","protected":false},"excerpt":{"rendered":"<p>Allgemeine gesch\u00e4ftsbedingungen \u2010 regelungen f\u00fcr die raftingteilnahme Durch den Kauf eines Aktivitaetstickets aus dem Angebot der Agentur , ubernimmt der Teilnehmer das Risiko von Abenteuraktivitaeten sowie Outdoor &#8211; Aktivitaeten Die genauen Leistungen sind im Programm vorgegeben und beinhalten detaillierte Informationen. Am Rafting k\u00f6nnen auch Einzelpersonen teilnehmen. In dem Fall ist eine Koordination mit anderen Gruppen [&hellip;]<\/p>\n","protected":false},"author":1,"featured_media":0,"parent":0,"menu_order":0,"comment_status":"closed","ping_status":"closed","template":"elementor_header_footer","meta":{"_seopress_robots_primary_cat":""},"_links":{"self":[{"href":"https:\/\/f-zrmanja.com\/de\/wp-json\/wp\/v2\/pages\/5632"}],"collection":[{"href":"https:\/\/f-zrmanja.com\/de\/wp-json\/wp\/v2\/pages"}],"about":[{"href":"https:\/\/f-zrmanja.com\/de\/wp-json\/wp\/v2\/types\/page"}],"author":[{"embeddable":true,"href":"https:\/\/f-zrmanja.com\/de\/wp-json\/wp\/v2\/users\/1"}],"replies":[{"embeddable":true,"href":"https:\/\/f-zrmanja.com\/de\/wp-json\/wp\/v2\/comments?post=5632"}],"version-history":[{"count":0,"href":"https:\/\/f-zrmanja.com\/de\/wp-json\/wp\/v2\/pages\/5632\/revisions"}],"wp:attachment":[{"href":"https:\/\/f-zrmanja.com\/de\/wp-json\/wp\/v2\/media?parent=5632"}],"curies":[{"name":"wp","href":"https:\/\/api.w.org\/{rel}","templated":true}]}}